{"id":505,"date":"2024-01-25T15:07:42","date_gmt":"2024-01-25T18:07:42","guid":{"rendered":"https:\/\/sage1.siteup.dev\/?page_id=505"},"modified":"2024-06-20T10:06:00","modified_gmt":"2024-06-20T13:06:00","slug":"quem-somos","status":"publish","type":"page","link":"https:\/\/sage1.siteup.dev\/en\/about-us\/","title":{"rendered":"About us"},"content":{"rendered":"<div data-elementor-type=\"wp-page\" data-elementor-id=\"505\" class=\"elementor elementor-505\">\n\t\t\t\t<div class=\"jet-tricks-particles-section elementor-element elementor-element-3ee0ce1 e-flex e-con-boxed e-con e-parent\" data-id=\"3ee0ce1\" data-element_type=\"container\" data-settings=\"{&quot;background_background&quot;:&quot;classic&quot;}\">\n\t\t\t\t\t<div class=\"e-con-inner\">\n\t\t<div class=\"elementor-element elementor-element-43337b7 e-flex e-con-boxed e-con e-child\" data-id=\"43337b7\" data-element_type=\"container\" data-settings=\"{&quot;background_background&quot;:&quot;classic&quot;}\">\n\t\t\t\t\t<div class=\"e-con-inner\">\n\t\t\t\t<div class=\"elementor-element elementor-element-01c6d79 animated-fast elementor-invisible elementor-widget elementor-widget-heading\" data-id=\"01c6d79\" data-element_type=\"widget\" data-settings=\"{&quot;_animation&quot;:&quot;fadeInLeft&quot;}\" data-widget_type=\"heading.default\">\n\t\t\t\t<div class=\"elementor-widget-container\">\n\t\t\t\t\t<h1 class=\"elementor-heading-title elementor-size-default\">About us<\/h1>\t\t\t\t<\/div>\n\t\t\t\t<\/div>\n\t\t\t\t<div class=\"elementor-element elementor-element-3e9c48c elementor-widget__width-initial animated-fast elementor-invisible elementor-widget elementor-widget-text-editor\" data-id=\"3e9c48c\" data-element_type=\"widget\" data-settings=\"{&quot;_animation&quot;:&quot;fadeInLeft&quot;,&quot;_animation_delay&quot;:300}\" data-widget_type=\"text-editor.default\">\n\t\t\t\t<div class=\"elementor-widget-container\">\n\t\t\t\t\t\t\t\t\t<p>Sage Networks was founded in 2018 and is currently located in Brazil. Furthermore, we have a team distributed throughout the brazilian territory. We are more than a company: we are a true Dream Team, made up of some of the biggest minds on the Brazilian Internet.<\/p><p>\u00a0<\/p><p>We were created with the aim of meeting the demands of networks and Anti-DDoS for ISPs and operators, and over time we expanded to other segments, such as datacenters, government agencies and enterprises.<\/p><p>\u00a0<\/p><p>We are proud to collaborate with the improvement of the Internet through the production of content and presence in various lectures, panels and debates about the Internet and Telecommunications in Brazil.<\/p><p>\u00a0<\/p><p>We are also proud to be the only large company whose support is provided only by experts, not Help Desk agents.<\/p>\t\t\t\t\t\t\t\t<\/div>\n\t\t\t\t<\/div>\n\t\t\t\t\t<\/div>\n\t\t\t\t<\/div>\n\t\t\t\t\t<\/div>\n\t\t\t\t<\/div>\n\t\t<div class=\"elementor-element elementor-element-8e90c18 e-flex e-con-boxed e-con e-child\" data-id=\"8e90c18\" data-element_type=\"container\">\n\t\t\t\t\t<div class=\"e-con-inner\">\n\t\t<div class=\"jet-tricks-particles-section elementor-element elementor-element-327ca0a e-transform e-transform e-con-full animated-fast e-flex elementor-invisible e-con e-child\" data-id=\"327ca0a\" data-element_type=\"container\" data-settings=\"{&quot;_transform_translateY_effect_hover&quot;:{&quot;unit&quot;:&quot;px&quot;,&quot;size&quot;:-24,&quot;sizes&quot;:[]},&quot;animation&quot;:&quot;fadeInUp&quot;,&quot;_transform_translateX_effect&quot;:{&quot;unit&quot;:&quot;px&quot;,&quot;size&quot;:&quot;&quot;,&quot;sizes&quot;:[]},&quot;_transform_translateX_effect_laptop&quot;:{&quot;unit&quot;:&quot;px&quot;,&quot;size&quot;:&quot;&quot;,&quot;sizes&quot;:[]},&quot;_transform_translateX_effect_tablet&quot;:{&quot;unit&quot;:&quot;px&quot;,&quot;size&quot;:&quot;&quot;,&quot;sizes&quot;:[]},&quot;_transform_translateX_effect_mobile&quot;:{&quot;unit&quot;:&quot;px&quot;,&quot;size&quot;:&quot;&quot;,&quot;sizes&quot;:[]},&quot;_transform_translateY_effect&quot;:{&quot;unit&quot;:&quot;px&quot;,&quot;size&quot;:&quot;&quot;,&quot;sizes&quot;:[]},&quot;_transform_translateY_effect_laptop&quot;:{&quot;unit&quot;:&quot;px&quot;,&quot;size&quot;:&quot;&quot;,&quot;sizes&quot;:[]},&quot;_transform_translateY_effect_tablet&quot;:{&quot;unit&quot;:&quot;px&quot;,&quot;size&quot;:&quot;&quot;,&quot;sizes&quot;:[]},&quot;_transform_translateY_effect_mobile&quot;:{&quot;unit&quot;:&quot;px&quot;,&quot;size&quot;:&quot;&quot;,&quot;sizes&quot;:[]},&quot;_transform_translateX_effect_hover&quot;:{&quot;unit&quot;:&quot;px&quot;,&quot;size&quot;:&quot;&quot;,&quot;sizes&quot;:[]},&quot;_transform_translateX_effect_hover_laptop&quot;:{&quot;unit&quot;:&quot;px&quot;,&quot;size&quot;:&quot;&quot;,&quot;sizes&quot;:[]},&quot;_transform_translateX_effect_hover_tablet&quot;:{&quot;unit&quot;:&quot;px&quot;,&quot;size&quot;:&quot;&quot;,&quot;sizes&quot;:[]},&quot;_transform_translateX_effect_hover_mobile&quot;:{&quot;unit&quot;:&quot;px&quot;,&quot;size&quot;:&quot;&quot;,&quot;sizes&quot;:[]},&quot;_transform_translateY_effect_hover_laptop&quot;:{&quot;unit&quot;:&quot;px&quot;,&quot;size&quot;:&quot;&quot;,&quot;sizes&quot;:[]},&quot;_transform_translateY_effect_hover_tablet&quot;:{&quot;unit&quot;:&quot;px&quot;,&quot;size&quot;:&quot;&quot;,&quot;sizes&quot;:[]},&quot;_transform_translateY_effect_hover_mobile&quot;:{&quot;unit&quot;:&quot;px&quot;,&quot;size&quot;:&quot;&quot;,&quot;sizes&quot;:[]}}\">\n\t\t\t\t<div class=\"elementor-element elementor-element-b5cb53b elementor-widget__width-initial elementor-widget elementor-widget-text-editor\" data-id=\"b5cb53b\" data-element_type=\"widget\" data-widget_type=\"text-editor.default\">\n\t\t\t\t<div class=\"elementor-widget-container\">\n\t\t\t\t\t\t\t\t\t<p>In addition to serving more than 20% of the entire Brazilian Internet, we are proud to also provide services to several countries, such as the United States, Paraguay, Colombia and others on the African continent.<\/p>\t\t\t\t\t\t\t\t<\/div>\n\t\t\t\t<\/div>\n\t\t\t\t<\/div>\n\t\t\t\t\t<\/div>\n\t\t\t\t<\/div>\n\t\t<div class=\"elementor-element elementor-element-f4333a5 animated-fast e-con-full e-flex elementor-invisible e-con e-parent\" data-id=\"f4333a5\" data-element_type=\"container\" data-settings=\"{&quot;animation&quot;:&quot;fadeInUp&quot;}\">\n\t\t\t\t<div class=\"elementor-element elementor-element-2a43a15 elementor-arrows-position-inside elementor-pagination-position-outside elementor-widget elementor-widget-image-carousel\" data-id=\"2a43a15\" data-element_type=\"widget\" data-settings=\"{&quot;slides_to_show&quot;:&quot;6&quot;,&quot;slides_to_show_tablet&quot;:&quot;3&quot;,&quot;navigation&quot;:&quot;both&quot;,&quot;autoplay&quot;:&quot;yes&quot;,&quot;pause_on_hover&quot;:&quot;yes&quot;,&quot;pause_on_interaction&quot;:&quot;yes&quot;,&quot;autoplay_speed&quot;:5000,&quot;infinite&quot;:&quot;yes&quot;,&quot;speed&quot;:500}\" data-widget_type=\"image-carousel.default\">\n\t\t\t\t<div class=\"elementor-widget-container\">\n\t\t\t\t\t\t\t<div class=\"elementor-image-carousel-wrapper swiper\" role=\"region\" aria-roledescription=\"carousel\" aria-label=\"Image Carousel\" dir=\"ltr\">\n\t\t\t<div class=\"elementor-image-carousel swiper-wrapper\" aria-live=\"off\">\n\t\t\t\t\t\t\t\t<div class=\"swiper-slide\" role=\"group\" aria-roledescription=\"slide\" aria-label=\"1 of 17\"><figure class=\"swiper-slide-inner\"><img decoding=\"async\" class=\"swiper-slide-image\" src=\"https:\/\/sage1.siteup.dev\/wp-content\/uploads\/2024\/05\/Victoria-1024x1024.png\" alt=\"Victoria\" \/><\/figure><\/div><div class=\"swiper-slide\" role=\"group\" aria-roledescription=\"slide\" aria-label=\"2 of 17\"><figure class=\"swiper-slide-inner\"><img decoding=\"async\" class=\"swiper-slide-image\" src=\"https:\/\/sage1.siteup.dev\/wp-content\/uploads\/2024\/05\/Denis-1024x1024.png\" alt=\"Denis\" \/><\/figure><\/div><div class=\"swiper-slide\" role=\"group\" aria-roledescription=\"slide\" aria-label=\"3 of 17\"><figure class=\"swiper-slide-inner\"><img decoding=\"async\" class=\"swiper-slide-image\" src=\"https:\/\/sage1.siteup.dev\/wp-content\/uploads\/2024\/05\/Andre-1024x1024.png\" alt=\"Andre\" \/><\/figure><\/div><div class=\"swiper-slide\" role=\"group\" aria-roledescription=\"slide\" aria-label=\"4 of 17\"><figure class=\"swiper-slide-inner\"><img decoding=\"async\" class=\"swiper-slide-image\" src=\"https:\/\/sage1.siteup.dev\/wp-content\/uploads\/2024\/05\/Ana-Paula-1024x1024.png\" alt=\"Ana Paula\" \/><\/figure><\/div><div class=\"swiper-slide\" role=\"group\" aria-roledescription=\"slide\" aria-label=\"5 of 17\"><figure class=\"swiper-slide-inner\"><img decoding=\"async\" class=\"swiper-slide-image\" src=\"https:\/\/sage1.siteup.dev\/wp-content\/uploads\/2024\/05\/Alexandre-1024x1024.png\" alt=\"Alexandre\" \/><\/figure><\/div><div class=\"swiper-slide\" role=\"group\" aria-roledescription=\"slide\" aria-label=\"6 of 17\"><figure class=\"swiper-slide-inner\"><img decoding=\"async\" class=\"swiper-slide-image\" src=\"https:\/\/sage1.siteup.dev\/wp-content\/uploads\/2024\/05\/Murilo-1024x1024.png\" alt=\"Murilo\" \/><\/figure><\/div><div class=\"swiper-slide\" role=\"group\" aria-roledescription=\"slide\" aria-label=\"7 of 17\"><figure class=\"swiper-slide-inner\"><img decoding=\"async\" class=\"swiper-slide-image\" src=\"https:\/\/sage1.siteup.dev\/wp-content\/uploads\/2024\/05\/Maycon-1024x1024.png\" alt=\"Maycon\" \/><\/figure><\/div><div class=\"swiper-slide\" role=\"group\" aria-roledescription=\"slide\" aria-label=\"8 of 17\"><figure class=\"swiper-slide-inner\"><img decoding=\"async\" class=\"swiper-slide-image\" src=\"https:\/\/sage1.siteup.dev\/wp-content\/uploads\/2024\/05\/Fabiana-1024x1024.png\" alt=\"Fabiana\" \/><\/figure><\/div><div class=\"swiper-slide\" role=\"group\" aria-roledescription=\"slide\" aria-label=\"9 of 17\"><figure class=\"swiper-slide-inner\"><img decoding=\"async\" class=\"swiper-slide-image\" src=\"https:\/\/sage1.siteup.dev\/wp-content\/uploads\/2024\/05\/Ayub-1024x1024.png\" alt=\"Ayub\" \/><\/figure><\/div><div class=\"swiper-slide\" role=\"group\" aria-roledescription=\"slide\" aria-label=\"10 of 17\"><figure class=\"swiper-slide-inner\"><img decoding=\"async\" class=\"swiper-slide-image\" src=\"https:\/\/sage1.siteup.dev\/wp-content\/uploads\/2024\/05\/Jean-1024x1024.png\" alt=\"Jean\" \/><\/figure><\/div><div class=\"swiper-slide\" role=\"group\" aria-roledescription=\"slide\" aria-label=\"11 of 17\"><figure class=\"swiper-slide-inner\"><img decoding=\"async\" class=\"swiper-slide-image\" src=\"https:\/\/sage1.siteup.dev\/wp-content\/uploads\/2024\/05\/Erick-1024x1024.png\" alt=\"Erick\" \/><\/figure><\/div><div class=\"swiper-slide\" role=\"group\" aria-roledescription=\"slide\" aria-label=\"12 of 17\"><figure class=\"swiper-slide-inner\"><img decoding=\"async\" class=\"swiper-slide-image\" src=\"https:\/\/sage1.siteup.dev\/wp-content\/uploads\/2024\/05\/Fabricio-1024x1024.png\" alt=\"Fabricio\" \/><\/figure><\/div><div class=\"swiper-slide\" role=\"group\" aria-roledescription=\"slide\" aria-label=\"13 of 17\"><figure class=\"swiper-slide-inner\"><img decoding=\"async\" class=\"swiper-slide-image\" src=\"https:\/\/sage1.siteup.dev\/wp-content\/uploads\/2024\/05\/Siega-1024x1024.png\" alt=\"Siega\" \/><\/figure><\/div><div class=\"swiper-slide\" role=\"group\" aria-roledescription=\"slide\" aria-label=\"14 of 17\"><figure class=\"swiper-slide-inner\"><img decoding=\"async\" class=\"swiper-slide-image\" src=\"https:\/\/sage1.siteup.dev\/wp-content\/uploads\/2024\/05\/Matheus-1024x1024.png\" alt=\"Matheus\" \/><\/figure><\/div><div class=\"swiper-slide\" role=\"group\" aria-roledescription=\"slide\" aria-label=\"15 of 17\"><figure class=\"swiper-slide-inner\"><img decoding=\"async\" class=\"swiper-slide-image\" src=\"https:\/\/sage1.siteup.dev\/wp-content\/uploads\/2024\/05\/Arthur-1024x1024.png\" alt=\"Arthur\" \/><\/figure><\/div><div class=\"swiper-slide\" role=\"group\" aria-roledescription=\"slide\" aria-label=\"16 of 17\"><figure class=\"swiper-slide-inner\"><img decoding=\"async\" class=\"swiper-slide-image\" src=\"https:\/\/sage1.siteup.dev\/wp-content\/uploads\/2024\/05\/Gabi-1024x1024.png\" alt=\"Gabi\" \/><\/figure><\/div><div class=\"swiper-slide\" role=\"group\" aria-roledescription=\"slide\" aria-label=\"17 of 17\"><figure class=\"swiper-slide-inner\"><img decoding=\"async\" class=\"swiper-slide-image\" src=\"https:\/\/sage1.siteup.dev\/wp-content\/uploads\/2024\/05\/Damito-1024x1024.png\" alt=\"Damito\" \/><\/figure><\/div>\t\t\t<\/div>\n\t\t\t\t\t\t\t\t\t\t\t\t<div class=\"elementor-swiper-button elementor-swiper-button-prev\" role=\"button\" tabindex=\"0\">\n\t\t\t\t\t\t<svg aria-hidden=\"true\" class=\"e-font-icon-svg e-eicon-chevron-left\" viewbox=\"0 0 1000 1000\" xmlns=\"http:\/\/www.w3.org\/2000\/svg\"><path d=\"M646 125C629 125 613 133 604 142L308 442C296 454 292 471 292 487 292 504 296 521 308 533L604 854C617 867 629 875 646 875 663 875 679 871 692 858 704 846 713 829 713 812 713 796 708 779 692 767L438 487 692 225C700 217 708 204 708 187 708 171 704 154 692 142 675 129 663 125 646 125Z\"><\/path><\/svg>\t\t\t\t\t<\/div>\n\t\t\t\t\t<div class=\"elementor-swiper-button elementor-swiper-button-next\" role=\"button\" tabindex=\"0\">\n\t\t\t\t\t\t<svg aria-hidden=\"true\" class=\"e-font-icon-svg e-eicon-chevron-right\" viewbox=\"0 0 1000 1000\" xmlns=\"http:\/\/www.w3.org\/2000\/svg\"><path d=\"M696 533C708 521 713 504 713 487 713 471 708 454 696 446L400 146C388 133 375 125 354 125 338 125 325 129 313 142 300 154 292 171 292 187 292 204 296 221 308 233L563 492 304 771C292 783 288 800 288 817 288 833 296 850 308 863 321 871 338 875 354 875 371 875 388 867 400 854L696 533Z\"><\/path><\/svg>\t\t\t\t\t<\/div>\n\t\t\t\t\n\t\t\t\t\t\t\t\t\t<div class=\"swiper-pagination\"><\/div>\n\t\t\t\t\t\t\t\t\t<\/div>\n\t\t\t\t\t\t<\/div>\n\t\t\t\t<\/div>\n\t\t\t\t<\/div>\n\t\t<div class=\"elementor-element elementor-element-68ad0ca e-con-full e-flex e-con e-parent\" data-id=\"68ad0ca\" data-element_type=\"container\" data-settings=\"{&quot;background_background&quot;:&quot;classic&quot;}\">\n\t\t<div class=\"elementor-element elementor-element-c113523 e-flex e-con-boxed e-con e-child\" data-id=\"c113523\" data-element_type=\"container\">\n\t\t\t\t\t<div class=\"e-con-inner\">\n\t\t\t\t<div class=\"elementor-element elementor-element-04e5495 animated-fast elementor-invisible elementor-widget elementor-widget-heading\" data-id=\"04e5495\" data-element_type=\"widget\" data-settings=\"{&quot;_animation&quot;:&quot;fadeInLeft&quot;}\" data-widget_type=\"heading.default\">\n\t\t\t\t<div class=\"elementor-widget-container\">\n\t\t\t\t\t<h2 class=\"elementor-heading-title elementor-size-default\">Why Sage Networks?<\/h2>\t\t\t\t<\/div>\n\t\t\t\t<\/div>\n\t\t\t\t\t<\/div>\n\t\t\t\t<\/div>\n\t\t\t\t<\/div>\n\t\t\t\t<\/div>","protected":false},"excerpt":{"rendered":"<p>Quem Somos A Sage Networks foi fundada em 2018 e atualmente tem sede em Campinas\/SP. Apesar disso, temos uma equipe distribu\u00edda por todo o territ\u00f3rio brasileiro. Somos mais do que uma empresa: somos um verdadeiro Dream Team, composto por alguns dos maiores especialistas da Internet brasileira. Nascemos com o objetivo de atender \u00e0s demandas de [&hellip;]<\/p>","protected":false},"author":4002,"featured_media":0,"parent":0,"menu_order":0,"comment_status":"closed","ping_status":"closed","template":"","meta":{"footnotes":""},"yoast_head":"<!-- This site is optimized with the Yoast SEO plugin v24.5 - https:\/\/yoast.com\/wordpress\/plugins\/seo\/ -->\n<title>Quem Somos | Sage Networks<\/title>\n<meta name=\"description\" content=\"Conhe\u00e7a a Sage Networks: Especialistas em solu\u00e7\u00f5es de rede com foco em inova\u00e7\u00e3o, seguran\u00e7a e excel\u00eancia no atendimento.\" \/>\n<meta name=\"robots\" content=\"noindex, follow, max-snippet:-1, max-image-preview:large, max-video-preview:-1\" \/>\n<meta property=\"og:locale\" content=\"en_US\" \/>\n<meta property=\"og:type\" content=\"article\" \/>\n<meta property=\"og:title\" content=\"Quem Somos | Sage Networks\" \/>\n<meta property=\"og:description\" content=\"Conhe\u00e7a a Sage Networks: Especialistas em solu\u00e7\u00f5es de rede com foco em inova\u00e7\u00e3o, seguran\u00e7a e excel\u00eancia no atendimento.\" \/>\n<meta property=\"og:url\" content=\"https:\/\/sage1.siteup.dev\/en\/about-us\/\" \/>\n<meta property=\"og:site_name\" content=\"Sage Network\" \/>\n<meta property=\"article:modified_time\" content=\"2024-06-20T13:06:00+00:00\" \/>\n<meta property=\"og:image\" content=\"https:\/\/sage1.siteup.dev\/wp-content\/uploads\/2024\/05\/Victoria-1024x1024.png\" \/>\n<meta name=\"twitter:card\" content=\"summary_large_image\" \/>\n<meta name=\"twitter:label1\" content=\"Est. reading time\" \/>\n\t<meta name=\"twitter:data1\" content=\"5 minutes\" \/>\n<script type=\"application\/ld+json\" class=\"yoast-schema-graph\">{\"@context\":\"https:\/\/schema.org\",\"@graph\":[{\"@type\":\"WebPage\",\"@id\":\"https:\/\/sage1.siteup.dev\/quem-somos\/\",\"url\":\"https:\/\/sage1.siteup.dev\/quem-somos\/\",\"name\":\"Quem Somos | Sage Networks\",\"isPartOf\":{\"@id\":\"https:\/\/sage1.siteup.dev\/#website\"},\"primaryImageOfPage\":{\"@id\":\"https:\/\/sage1.siteup.dev\/quem-somos\/#primaryimage\"},\"image\":{\"@id\":\"https:\/\/sage1.siteup.dev\/quem-somos\/#primaryimage\"},\"thumbnailUrl\":\"https:\/\/sage1.siteup.dev\/wp-content\/uploads\/2024\/05\/Victoria-1024x1024.png\",\"datePublished\":\"2024-01-25T18:07:42+00:00\",\"dateModified\":\"2024-06-20T13:06:00+00:00\",\"description\":\"Conhe\u00e7a a Sage Networks: Especialistas em solu\u00e7\u00f5es de rede com foco em inova\u00e7\u00e3o, seguran\u00e7a e excel\u00eancia no atendimento.\",\"inLanguage\":\"en-US\",\"potentialAction\":[{\"@type\":\"ReadAction\",\"target\":[\"https:\/\/sage1.siteup.dev\/quem-somos\/\"]}]},{\"@type\":\"ImageObject\",\"inLanguage\":\"en-US\",\"@id\":\"https:\/\/sage1.siteup.dev\/quem-somos\/#primaryimage\",\"url\":\"https:\/\/sage1.siteup.dev\/wp-content\/uploads\/2024\/05\/Victoria-1024x1024.png\",\"contentUrl\":\"https:\/\/sage1.siteup.dev\/wp-content\/uploads\/2024\/05\/Victoria-1024x1024.png\"},{\"@type\":\"WebSite\",\"@id\":\"https:\/\/sage1.siteup.dev\/#website\",\"url\":\"https:\/\/sage1.siteup.dev\/\",\"name\":\"Sage Network\",\"description\":\"\",\"publisher\":{\"@id\":\"https:\/\/sage1.siteup.dev\/#organization\"},\"potentialAction\":[{\"@type\":\"SearchAction\",\"target\":{\"@type\":\"EntryPoint\",\"urlTemplate\":\"https:\/\/sage1.siteup.dev\/?s={search_term_string}\"},\"query-input\":{\"@type\":\"PropertyValueSpecification\",\"valueRequired\":true,\"valueName\":\"search_term_string\"}}],\"inLanguage\":\"en-US\"},{\"@type\":\"Organization\",\"@id\":\"https:\/\/sage1.siteup.dev\/#organization\",\"name\":\"Sage Network\",\"url\":\"https:\/\/sage1.siteup.dev\/\",\"logo\":{\"@type\":\"ImageObject\",\"inLanguage\":\"en-US\",\"@id\":\"https:\/\/sage1.siteup.dev\/#\/schema\/logo\/image\/\",\"url\":\"https:\/\/sage1.siteup.dev\/wp-content\/uploads\/2018\/09\/sage-logo-footer.webp\",\"contentUrl\":\"https:\/\/sage1.siteup.dev\/wp-content\/uploads\/2018\/09\/sage-logo-footer.webp\",\"width\":223,\"height\":60,\"caption\":\"Sage Network\"},\"image\":{\"@id\":\"https:\/\/sage1.siteup.dev\/#\/schema\/logo\/image\/\"}}]}<\/script>\n<!-- \/ Yoast SEO plugin. -->","yoast_head_json":{"title":"Quem Somos | Sage Networks","description":"Conhe\u00e7a a Sage Networks: Especialistas em solu\u00e7\u00f5es de rede com foco em inova\u00e7\u00e3o, seguran\u00e7a e excel\u00eancia no atendimento.","robots":{"index":"noindex","follow":"follow","max-snippet":"max-snippet:-1","max-image-preview":"max-image-preview:large","max-video-preview":"max-video-preview:-1"},"og_locale":"en_US","og_type":"article","og_title":"Quem Somos | Sage Networks","og_description":"Conhe\u00e7a a Sage Networks: Especialistas em solu\u00e7\u00f5es de rede com foco em inova\u00e7\u00e3o, seguran\u00e7a e excel\u00eancia no atendimento.","og_url":"https:\/\/sage1.siteup.dev\/en\/about-us\/","og_site_name":"Sage Network","article_modified_time":"2024-06-20T13:06:00+00:00","og_image":[{"url":"https:\/\/sage1.siteup.dev\/wp-content\/uploads\/2024\/05\/Victoria-1024x1024.png","type":"","width":"","height":""}],"twitter_card":"summary_large_image","twitter_misc":{"Est. reading time":"5 minutes"},"schema":{"@context":"https:\/\/schema.org","@graph":[{"@type":"WebPage","@id":"https:\/\/sage1.siteup.dev\/quem-somos\/","url":"https:\/\/sage1.siteup.dev\/quem-somos\/","name":"Quem Somos | Sage Networks","isPartOf":{"@id":"https:\/\/sage1.siteup.dev\/#website"},"primaryImageOfPage":{"@id":"https:\/\/sage1.siteup.dev\/quem-somos\/#primaryimage"},"image":{"@id":"https:\/\/sage1.siteup.dev\/quem-somos\/#primaryimage"},"thumbnailUrl":"https:\/\/sage1.siteup.dev\/wp-content\/uploads\/2024\/05\/Victoria-1024x1024.png","datePublished":"2024-01-25T18:07:42+00:00","dateModified":"2024-06-20T13:06:00+00:00","description":"Conhe\u00e7a a Sage Networks: Especialistas em solu\u00e7\u00f5es de rede com foco em inova\u00e7\u00e3o, seguran\u00e7a e excel\u00eancia no atendimento.","inLanguage":"en-US","potentialAction":[{"@type":"ReadAction","target":["https:\/\/sage1.siteup.dev\/quem-somos\/"]}]},{"@type":"ImageObject","inLanguage":"en-US","@id":"https:\/\/sage1.siteup.dev\/quem-somos\/#primaryimage","url":"https:\/\/sage1.siteup.dev\/wp-content\/uploads\/2024\/05\/Victoria-1024x1024.png","contentUrl":"https:\/\/sage1.siteup.dev\/wp-content\/uploads\/2024\/05\/Victoria-1024x1024.png"},{"@type":"WebSite","@id":"https:\/\/sage1.siteup.dev\/#website","url":"https:\/\/sage1.siteup.dev\/","name":"Sage Network","description":"","publisher":{"@id":"https:\/\/sage1.siteup.dev\/#organization"},"potentialAction":[{"@type":"SearchAction","target":{"@type":"EntryPoint","urlTemplate":"https:\/\/sage1.siteup.dev\/?s={search_term_string}"},"query-input":{"@type":"PropertyValueSpecification","valueRequired":true,"valueName":"search_term_string"}}],"inLanguage":"en-US"},{"@type":"Organization","@id":"https:\/\/sage1.siteup.dev\/#organization","name":"Sage Network","url":"https:\/\/sage1.siteup.dev\/","logo":{"@type":"ImageObject","inLanguage":"en-US","@id":"https:\/\/sage1.siteup.dev\/#\/schema\/logo\/image\/","url":"https:\/\/sage1.siteup.dev\/wp-content\/uploads\/2018\/09\/sage-logo-footer.webp","contentUrl":"https:\/\/sage1.siteup.dev\/wp-content\/uploads\/2018\/09\/sage-logo-footer.webp","width":223,"height":60,"caption":"Sage Network"},"image":{"@id":"https:\/\/sage1.siteup.dev\/#\/schema\/logo\/image\/"}}]}},"_links":{"self":[{"href":"https:\/\/sage1.siteup.dev\/en\/wp-json\/wp\/v2\/pages\/505"}],"collection":[{"href":"https:\/\/sage1.siteup.dev\/en\/wp-json\/wp\/v2\/pages"}],"about":[{"href":"https:\/\/sage1.siteup.dev\/en\/wp-json\/wp\/v2\/types\/page"}],"author":[{"embeddable":true,"href":"https:\/\/sage1.siteup.dev\/en\/wp-json\/wp\/v2\/users\/4002"}],"replies":[{"embeddable":true,"href":"https:\/\/sage1.siteup.dev\/en\/wp-json\/wp\/v2\/comments?post=505"}],"version-history":[{"count":52,"href":"https:\/\/sage1.siteup.dev\/en\/wp-json\/wp\/v2\/pages\/505\/revisions"}],"predecessor-version":[{"id":1634,"href":"https:\/\/sage1.siteup.dev\/en\/wp-json\/wp\/v2\/pages\/505\/revisions\/1634"}],"wp:attachment":[{"href":"https:\/\/sage1.siteup.dev\/en\/wp-json\/wp\/v2\/media?parent=505"}],"curies":[{"name":"wp","href":"https:\/\/api.w.org\/{rel}","templated":true}]}}