{"id":1225,"date":"2024-05-04T17:08:02","date_gmt":"2024-05-04T20:08:02","guid":{"rendered":"https:\/\/sage1.siteup.dev\/?page_id=1225"},"modified":"2024-06-17T12:00:20","modified_gmt":"2024-06-17T15:00:20","slug":"trabalhe-conosco","status":"publish","type":"page","link":"https:\/\/sage1.siteup.dev\/en\/work-with-us\/","title":{"rendered":"Work with us"},"content":{"rendered":"<div data-elementor-type=\"wp-page\" data-elementor-id=\"1225\" class=\"elementor elementor-1225\">\n\t\t\t\t<div class=\"jet-tricks-particles-section elementor-element elementor-element-1b4b47b e-flex e-con-boxed e-con e-parent\" data-id=\"1b4b47b\" data-element_type=\"container\" data-settings=\"{&quot;background_background&quot;:&quot;classic&quot;}\">\n\t\t\t\t\t<div class=\"e-con-inner\">\n\t\t<div class=\"elementor-element elementor-element-07fd5fc e-con-full animated-fast e-flex elementor-invisible e-con e-child\" data-id=\"07fd5fc\" data-element_type=\"container\" data-settings=\"{&quot;animation&quot;:&quot;fadeInLeft&quot;}\">\n\t\t\t\t<div class=\"elementor-element elementor-element-839ff3c elementor-widget__width-initial elementor-widget elementor-widget-heading\" data-id=\"839ff3c\" data-element_type=\"widget\" data-widget_type=\"heading.default\">\n\t\t\t\t<div class=\"elementor-widget-container\">\n\t\t\t\t\t<h2 class=\"elementor-heading-title elementor-size-default\">Work with us<\/h2>\t\t\t\t<\/div>\n\t\t\t\t<\/div>\n\t\t\t\t<div class=\"elementor-element elementor-element-dabceab elementor-widget__width-initial elementor-widget elementor-widget-text-editor\" data-id=\"dabceab\" data-element_type=\"widget\" data-widget_type=\"text-editor.default\">\n\t\t\t\t<div class=\"elementor-widget-container\">\n\t\t\t\t\t\t\t\t\t<p>Fill in the form details and our talent team will contact you via email.<\/p>\t\t\t\t\t\t\t\t<\/div>\n\t\t\t\t<\/div>\n\t\t\t\t<div class=\"elementor-element elementor-element-9de3078 elementor-widget__width-initial elementor-widget elementor-widget-heading\" data-id=\"9de3078\" data-element_type=\"widget\" data-widget_type=\"heading.default\">\n\t\t\t\t<div class=\"elementor-widget-container\">\n\t\t\t\t\t<h2 class=\"elementor-heading-title elementor-size-default\">Contact<\/h2>\t\t\t\t<\/div>\n\t\t\t\t<\/div>\n\t\t\t\t<div class=\"elementor-element elementor-element-8f5a779 elementor-icon-list--layout-traditional elementor-list-item-link-full_width elementor-widget elementor-widget-icon-list\" data-id=\"8f5a779\" data-element_type=\"widget\" data-widget_type=\"icon-list.default\">\n\t\t\t\t<div class=\"elementor-widget-container\">\n\t\t\t\t\t\t\t<ul class=\"elementor-icon-list-items\">\n\t\t\t\t\t\t\t<li class=\"elementor-icon-list-item\">\n\t\t\t\t\t\t\t\t\t\t<span class=\"elementor-icon-list-text\">(19) 3500-6269<\/span>\n\t\t\t\t\t\t\t\t\t<\/li>\n\t\t\t\t\t\t<\/ul>\n\t\t\t\t\t\t<\/div>\n\t\t\t\t<\/div>\n\t\t\t\t<div class=\"elementor-element elementor-element-bff7e55 elementor-shape-rounded elementor-grid-0 elementor-widget elementor-widget-social-icons\" data-id=\"bff7e55\" data-element_type=\"widget\" data-widget_type=\"social-icons.default\">\n\t\t\t\t<div class=\"elementor-widget-container\">\n\t\t\t\t\t\t\t<div class=\"elementor-social-icons-wrapper elementor-grid\" role=\"list\">\n\t\t\t\t\t\t\t<span class=\"elementor-grid-item\" role=\"listitem\">\n\t\t\t\t\t<a class=\"elementor-icon elementor-social-icon elementor-social-icon-instagram elementor-repeater-item-ac3444b\" href=\"https:\/\/www.instagram.com\/sage_networks\/\" target=\"_blank\">\n\t\t\t\t\t\t<span class=\"elementor-screen-only\">Instagram<\/span>\n\t\t\t\t\t\t<svg xmlns=\"http:\/\/www.w3.org\/2000\/svg\" width=\"24\" height=\"24\" viewbox=\"0 0 24 24\" fill=\"none\"><g id=\"instagram\"><path id=\"Vector\" d=\"M17 2H7C4.23858 2 2 4.23858 2 7V17C2 19.7614 4.23858 22 7 22H17C19.7614 22 22 19.7614 22 17V7C22 4.23858 19.7614 2 17 2Z\" stroke=\"#4684C2\" stroke-width=\"2\" stroke-linecap=\"round\" stroke-linejoin=\"round\"><\/path><path id=\"Vector_2\" d=\"M15.9997 11.3701C16.1231 12.2023 15.981 13.0523 15.5935 13.7991C15.206 14.5459 14.5929 15.1515 13.8413 15.5297C13.0898 15.908 12.2382 16.0397 11.4075 15.906C10.5768 15.7723 9.80947 15.3801 9.21455 14.7852C8.61962 14.1903 8.22744 13.4229 8.09377 12.5923C7.96011 11.7616 8.09177 10.91 8.47003 10.1584C8.84829 9.40691 9.45389 8.7938 10.2007 8.4063C10.9475 8.0188 11.7975 7.87665 12.6297 8.00006C13.4786 8.12594 14.2646 8.52152 14.8714 9.12836C15.4782 9.73521 15.8738 10.5211 15.9997 11.3701Z\" stroke=\"#4684C2\" stroke-width=\"2\" stroke-linecap=\"round\" stroke-linejoin=\"round\"><\/path><path id=\"Vector_3\" d=\"M17.5 6.5H17.51\" stroke=\"#4684C2\" stroke-width=\"2\" stroke-linecap=\"round\" stroke-linejoin=\"round\"><\/path><\/g><\/svg>\t\t\t\t\t<\/a>\n\t\t\t\t<\/span>\n\t\t\t\t\t\t\t<span class=\"elementor-grid-item\" role=\"listitem\">\n\t\t\t\t\t<a class=\"elementor-icon elementor-social-icon elementor-social-icon-facebook elementor-repeater-item-1451518\" href=\"https:\/\/www.facebook.com\/SageNetworksConsultoria\/\" target=\"_blank\">\n\t\t\t\t\t\t<span class=\"elementor-screen-only\">Facebook<\/span>\n\t\t\t\t\t\t<svg xmlns=\"http:\/\/www.w3.org\/2000\/svg\" width=\"24\" height=\"24\" viewbox=\"0 0 24 24\" fill=\"none\"><g id=\"facebook\"><path id=\"Vector\" d=\"M18 2H15C13.6739 2 12.4021 2.52678 11.4645 3.46447C10.5268 4.40215 10 5.67392 10 7V10H7V14H10V22H14V14H17L18 10H14V7C14 6.73478 14.1054 6.48043 14.2929 6.29289C14.4804 6.10536 14.7348 6 15 6H18V2Z\" stroke=\"#4684C2\" stroke-width=\"2\" stroke-linecap=\"round\" stroke-linejoin=\"round\"><\/path><\/g><\/svg>\t\t\t\t\t<\/a>\n\t\t\t\t<\/span>\n\t\t\t\t\t\t\t<span class=\"elementor-grid-item\" role=\"listitem\">\n\t\t\t\t\t<a class=\"elementor-icon elementor-social-icon elementor-social-icon-linkedin elementor-repeater-item-e55145e\" href=\"https:\/\/www.linkedin.com\/company\/sagenetworks\" target=\"_blank\">\n\t\t\t\t\t\t<span class=\"elementor-screen-only\">Linkedin<\/span>\n\t\t\t\t\t\t<svg xmlns=\"http:\/\/www.w3.org\/2000\/svg\" width=\"24\" height=\"24\" viewbox=\"0 0 24 24\" fill=\"none\"><g id=\"linkedin\"><path id=\"Vector\" d=\"M16 8C17.5913 8 19.1174 8.63214 20.2426 9.75736C21.3679 10.8826 22 12.4087 22 14V21H18V14C18 13.4696 17.7893 12.9609 17.4142 12.5858C17.0391 12.2107 16.5304 12 16 12C15.4696 12 14.9609 12.2107 14.5858 12.5858C14.2107 12.9609 14 13.4696 14 14V21H10V14C10 12.4087 10.6321 10.8826 11.7574 9.75736C12.8826 8.63214 14.4087 8 16 8Z\" stroke=\"#4684C2\" stroke-width=\"2\" stroke-linecap=\"round\" stroke-linejoin=\"round\"><\/path><path id=\"Vector_2\" d=\"M6 9H2V21H6V9Z\" stroke=\"#4684C2\" stroke-width=\"2\" stroke-linecap=\"round\" stroke-linejoin=\"round\"><\/path><path id=\"Vector_3\" d=\"M4 6C5.10457 6 6 5.10457 6 4C6 2.89543 5.10457 2 4 2C2.89543 2 2 2.89543 2 4C2 5.10457 2.89543 6 4 6Z\" stroke=\"#4684C2\" stroke-width=\"2\" stroke-linecap=\"round\" stroke-linejoin=\"round\"><\/path><\/g><\/svg>\t\t\t\t\t<\/a>\n\t\t\t\t<\/span>\n\t\t\t\t\t<\/div>\n\t\t\t\t\t\t<\/div>\n\t\t\t\t<\/div>\n\t\t\t\t<\/div>\n\t\t<div class=\"elementor-element elementor-element-2ae13d8d e-con-full animated-fast e-flex elementor-invisible e-con e-child\" data-id=\"2ae13d8d\" data-element_type=\"container\" data-settings=\"{&quot;animation&quot;:&quot;fadeInRight&quot;}\">\n\t\t\t\t<div class=\"elementor-element elementor-element-0c88dd6 elementor-widget elementor-widget-html\" data-id=\"0c88dd6\" data-element_type=\"widget\" data-widget_type=\"html.default\">\n\t\t\t\t<div class=\"elementor-widget-container\">\n\t\t\t\t\t<link rel=\"stylesheet\" href=\"https:\/\/cdnjs.cloudflare.com\/ajax\/libs\/intl-tel-input\/17.0.8\/css\/intlTelInput.css\"\/>\n<script src=\"https:\/\/cdnjs.cloudflare.com\/ajax\/libs\/intl-tel-input\/17.0.8\/js\/intlTelInput.min.js\"><\/script>\n<script src=\"https:\/\/ajax.googleapis.com\/ajax\/libs\/jquery\/3.4.1\/jquery.min.js\" ><\/script>\n\n<script>\n    const phoneInputField = document.querySelectorAll('input[type=\"tel\"]');\n    const btForm = document.querySelectorAll('.elementor-button[type=\"submit\"]');\n    let telefones = [];\n    \n    for (i = 0; i < phoneInputField.length; i++){\n        var phone_number = window.intlTelInput(phoneInputField[i], {\n        separateDialCode: true,\n        preferredCountries:[\"br\"],\n        hiddenInput: \"full\",\n        utilsScript: \"\/\/cdnjs.cloudflare.com\/ajax\/libs\/intl-tel-input\/17.0.8\/js\/utils.js\"\n        });\n        \n        telefones[i] = phone_number;\n    }\n    $(phoneInputField).each(function(i) {\n        $(\"form\").submit(function() {\n            var full_number = telefones[i].getNumber(intlTelInputUtils.numberFormat.E164);\n            $(phoneInputField[i]).val(full_number);\n            console.log(phoneInputField[i]);\n            console.log(phone_number);\n        });\n    });\n\n    for (i = 0; i < phoneInputField.length; i++){\n        var larguraInput = phoneInputField[i].getBoundingClientRect().width;\n        $(\".iti__country-list\").css({width: larguraInput});\n    }\n\n    window.addEventListener(\"resize\", function() {\n      for (let i = 0; i < phoneInputField.length; i++) {\n        const larguraInput = phoneInputField[i].offsetWidth;\n        $(\".iti__country-list\").css({ width: larguraInput });\n      }\n  });\n<\/script>\n\n<script>\nsetTimeout(function() {\n  document.getElementById('form-field-tel3').addEventListener('input',         function (e) {\n        var x = e.target.value.replace(\/\\D\/g, '').match(\/(\\d{0,2})(\\d{0,5})(\\d{0,4})\/);\n        e.target.value = !x[2] ? x[1] : '(' + x[1] + ') ' + x[2] + (x[3] ? '-' + x[3] : '');\n   });\n}, 1000);\n<\/script>\t\t\t\t<\/div>\n\t\t\t\t<\/div>\n\t\t\t\t<\/div>\n\t\t\t\t\t<\/div>\n\t\t\t\t<\/div>\n\t\t\t\t<\/div>","protected":false},"excerpt":{"rendered":"<p>Trabalhe conosco Preencha os dados do formul\u00e1rio e nossa equipe de talentos entrar\u00e1 em contato atrav\u00e9s do seu e-mail. Contato (19) 3500-6269 Instagram Facebook Linkedin<\/p>","protected":false},"author":4002,"featured_media":0,"parent":0,"menu_order":0,"comment_status":"closed","ping_status":"closed","template":"","meta":{"footnotes":""},"yoast_head":"<!-- This site is optimized with the Yoast SEO plugin v24.5 - https:\/\/yoast.com\/wordpress\/plugins\/seo\/ -->\n<title>Trabalhe Conosco - Sage Network<\/title>\n<meta name=\"robots\" content=\"noindex, follow, max-snippet:-1, max-image-preview:large, max-video-preview:-1\" \/>\n<meta property=\"og:locale\" content=\"en_US\" \/>\n<meta property=\"og:type\" content=\"article\" \/>\n<meta property=\"og:title\" content=\"Trabalhe Conosco - Sage Network\" \/>\n<meta property=\"og:description\" content=\"Trabalhe conosco Preencha os dados do formul\u00e1rio e nossa equipe de talentos entrar\u00e1 em contato atrav\u00e9s do seu e-mail. Contato (19) 3500-6269 Instagram Facebook Linkedin\" \/>\n<meta property=\"og:url\" content=\"https:\/\/sage1.siteup.dev\/en\/work-with-us\/\" \/>\n<meta property=\"og:site_name\" content=\"Sage Network\" \/>\n<meta property=\"article:modified_time\" content=\"2024-06-17T15:00:20+00:00\" \/>\n<meta name=\"twitter:card\" content=\"summary_large_image\" \/>\n<meta name=\"twitter:label1\" content=\"Est. reading time\" \/>\n\t<meta name=\"twitter:data1\" content=\"1 minute\" \/>\n<script type=\"application\/ld+json\" class=\"yoast-schema-graph\">{\"@context\":\"https:\/\/schema.org\",\"@graph\":[{\"@type\":\"WebPage\",\"@id\":\"https:\/\/sage1.siteup.dev\/en\/work-with-us\/\",\"url\":\"https:\/\/sage1.siteup.dev\/en\/work-with-us\/\",\"name\":\"Trabalhe Conosco - Sage Network\",\"isPartOf\":{\"@id\":\"https:\/\/sage1.siteup.dev\/en\/#website\"},\"datePublished\":\"2024-05-04T20:08:02+00:00\",\"dateModified\":\"2024-06-17T15:00:20+00:00\",\"inLanguage\":\"en-US\",\"potentialAction\":[{\"@type\":\"ReadAction\",\"target\":[\"https:\/\/sage1.siteup.dev\/en\/work-with-us\/\"]}]},{\"@type\":\"WebSite\",\"@id\":\"https:\/\/sage1.siteup.dev\/en\/#website\",\"url\":\"https:\/\/sage1.siteup.dev\/en\/\",\"name\":\"Sage Network\",\"description\":\"\",\"publisher\":{\"@id\":\"https:\/\/sage1.siteup.dev\/en\/#organization\"},\"potentialAction\":[{\"@type\":\"SearchAction\",\"target\":{\"@type\":\"EntryPoint\",\"urlTemplate\":\"https:\/\/sage1.siteup.dev\/en\/?s={search_term_string}\"},\"query-input\":{\"@type\":\"PropertyValueSpecification\",\"valueRequired\":true,\"valueName\":\"search_term_string\"}}],\"inLanguage\":\"en-US\"},{\"@type\":\"Organization\",\"@id\":\"https:\/\/sage1.siteup.dev\/en\/#organization\",\"name\":\"Sage Network\",\"url\":\"https:\/\/sage1.siteup.dev\/en\/\",\"logo\":{\"@type\":\"ImageObject\",\"inLanguage\":\"en-US\",\"@id\":\"https:\/\/sage1.siteup.dev\/en\/#\/schema\/logo\/image\/\",\"url\":\"https:\/\/sage1.siteup.dev\/wp-content\/uploads\/2018\/09\/sage-logo-footer.webp\",\"contentUrl\":\"https:\/\/sage1.siteup.dev\/wp-content\/uploads\/2018\/09\/sage-logo-footer.webp\",\"width\":223,\"height\":60,\"caption\":\"Sage Network\"},\"image\":{\"@id\":\"https:\/\/sage1.siteup.dev\/en\/#\/schema\/logo\/image\/\"}}]}<\/script>\n<!-- \/ Yoast SEO plugin. -->","yoast_head_json":{"title":"Trabalhe Conosco - Sage Network","robots":{"index":"noindex","follow":"follow","max-snippet":"max-snippet:-1","max-image-preview":"max-image-preview:large","max-video-preview":"max-video-preview:-1"},"og_locale":"en_US","og_type":"article","og_title":"Trabalhe Conosco - Sage Network","og_description":"Trabalhe conosco Preencha os dados do formul\u00e1rio e nossa equipe de talentos entrar\u00e1 em contato atrav\u00e9s do seu e-mail. Contato (19) 3500-6269 Instagram Facebook Linkedin","og_url":"https:\/\/sage1.siteup.dev\/en\/work-with-us\/","og_site_name":"Sage Network","article_modified_time":"2024-06-17T15:00:20+00:00","twitter_card":"summary_large_image","twitter_misc":{"Est. reading time":"1 minute"},"schema":{"@context":"https:\/\/schema.org","@graph":[{"@type":"WebPage","@id":"https:\/\/sage1.siteup.dev\/en\/work-with-us\/","url":"https:\/\/sage1.siteup.dev\/en\/work-with-us\/","name":"Trabalhe Conosco - Sage Network","isPartOf":{"@id":"https:\/\/sage1.siteup.dev\/en\/#website"},"datePublished":"2024-05-04T20:08:02+00:00","dateModified":"2024-06-17T15:00:20+00:00","inLanguage":"en-US","potentialAction":[{"@type":"ReadAction","target":["https:\/\/sage1.siteup.dev\/en\/work-with-us\/"]}]},{"@type":"WebSite","@id":"https:\/\/sage1.siteup.dev\/en\/#website","url":"https:\/\/sage1.siteup.dev\/en\/","name":"Sage Network","description":"","publisher":{"@id":"https:\/\/sage1.siteup.dev\/en\/#organization"},"potentialAction":[{"@type":"SearchAction","target":{"@type":"EntryPoint","urlTemplate":"https:\/\/sage1.siteup.dev\/en\/?s={search_term_string}"},"query-input":{"@type":"PropertyValueSpecification","valueRequired":true,"valueName":"search_term_string"}}],"inLanguage":"en-US"},{"@type":"Organization","@id":"https:\/\/sage1.siteup.dev\/en\/#organization","name":"Sage Network","url":"https:\/\/sage1.siteup.dev\/en\/","logo":{"@type":"ImageObject","inLanguage":"en-US","@id":"https:\/\/sage1.siteup.dev\/en\/#\/schema\/logo\/image\/","url":"https:\/\/sage1.siteup.dev\/wp-content\/uploads\/2018\/09\/sage-logo-footer.webp","contentUrl":"https:\/\/sage1.siteup.dev\/wp-content\/uploads\/2018\/09\/sage-logo-footer.webp","width":223,"height":60,"caption":"Sage Network"},"image":{"@id":"https:\/\/sage1.siteup.dev\/en\/#\/schema\/logo\/image\/"}}]}},"_links":{"self":[{"href":"https:\/\/sage1.siteup.dev\/en\/wp-json\/wp\/v2\/pages\/1225"}],"collection":[{"href":"https:\/\/sage1.siteup.dev\/en\/wp-json\/wp\/v2\/pages"}],"about":[{"href":"https:\/\/sage1.siteup.dev\/en\/wp-json\/wp\/v2\/types\/page"}],"author":[{"embeddable":true,"href":"https:\/\/sage1.siteup.dev\/en\/wp-json\/wp\/v2\/users\/4002"}],"replies":[{"embeddable":true,"href":"https:\/\/sage1.siteup.dev\/en\/wp-json\/wp\/v2\/comments?post=1225"}],"version-history":[{"count":47,"href":"https:\/\/sage1.siteup.dev\/en\/wp-json\/wp\/v2\/pages\/1225\/revisions"}],"predecessor-version":[{"id":1563,"href":"https:\/\/sage1.siteup.dev\/en\/wp-json\/wp\/v2\/pages\/1225\/revisions\/1563"}],"wp:attachment":[{"href":"https:\/\/sage1.siteup.dev\/en\/wp-json\/wp\/v2\/media?parent=1225"}],"curies":[{"name":"wp","href":"https:\/\/api.w.org\/{rel}","templated":true}]}}